{"id":4498,"date":"2018-06-19T07:49:15","date_gmt":"2018-06-19T07:49:15","guid":{"rendered":"http:\/\/waterrijck.watersportoutdoorshop.nl\/landhuizen\/"},"modified":"2020-09-08T10:53:47","modified_gmt":"2020-09-08T10:53:47","slug":"landhaeuser","status":"publish","type":"page","link":"https:\/\/www.waterrijck.com\/de\/landhaeuser\/","title":{"rendered":"Landh\u00e4user Waterrijck"},"content":{"rendered":"<p>[vc_row full_width=&#8220;stretch_row&#8220; parallax=&#8220;content-moving&#8220; parallax_image=&#8220;3607&#8243; enable_overlay=&#8220;true&#8220; bg_overlay=&#8220;rgba(0,0,0,0.15)&#8220; css=&#8220;.vc_custom_1529394936541{padding-top: 150px !important;padding-bottom: 80px !important;}&#8220;][vc_column]<div class=\"awe-special-heading text-center\" style=\"color:#ffffff;\"><h2>Landh\u00e4user Waterrijck<\/h2><div class=\"awe-subheading below\"><p>Kies uw landhuis op Waterrijck Stavoren<\/p><\/div><\/div>[\/vc_column][\/vc_row][vc_row][vc_column][vc_column_text size=&#8220;0&#8243;]<\/p>\n<h3 class=\"shortcode-heading\">Landh\u00e4user Waterrijck<\/h3>\n<p>[\/vc_column_text][vc_row_inner][vc_column_inner][vc_column_text size=&#8220;0&#8243;]Waterrijck Stavoren wurde in einer der sch\u00f6nsten Ecken von Friesland, zwischen IJsselmeer und den Friesischen Seen, gebaut. Alle Grundst\u00fccke sind sehr gro\u00dfz\u00fcgig (zwischen 900 und 1300 m\u00b2) angelegt. Zudem haben alle Ferienwohnungen einen eigenen Anlegesteg. Im Waterrijck Stavoren bieten wir Ihnen verschiedene Ferienwohnungen an.[\/vc_column_text][\/vc_column_inner][\/vc_row_inner][\/vc_column][\/vc_row][vc_row][vc_column][vc_column_text]<br \/>\n[\/vc_column_text][\/vc_column][\/vc_row][vc_row][vc_column][vc_column_text size=&#8220;0&#8243;]<\/p>\n<div class=\"wpb_wrapper\"><!-- ROOM --><\/div>\n<div class=\"room-wrap-6\"><!-- ITEM --><\/p>\n<div class=\"room_item-6\" style=\"background-image: url('\/wp-content\/uploads\/2018\/06\/landhuis-gele-lis.jpg');\" data-background=\"\/wp-content\/uploads\/2018\/06\/landhuis-gele-lis.jpg\">\n<div class=\"text\">\n<h2><a href=\"\/de\/landhaeuser\/landhaus-de-gele-lis\/\">De Gele Lis<\/a><\/h2>\n<p><span class=\"price\"><br \/>\n<span class=\"amount\">(bis 6 Personen)<\/span><\/span><\/p>\n<p>Dieses freistehende Landhaus vom Typ &#8218;Vrouwenzand&#8216; ist f\u00fcr insgesamt 6 Personen ausgestattet. Das Haus steht auf einem Grundst\u00fcck von 1200m\u00b2.<\/p>\n<p><a class=\"awe-btn awe-btn-13\" href=\"\/de\/landhaeuser\/landhaus-de-gele-lis\/\">Mehr Information<\/a><\/p>\n<\/div>\n<\/div>\n<p><!-- END \/ ITEM --><br \/>\n<!-- ITEM --><\/p>\n<div class=\"room_item-6 event\" style=\"background-image: url('\/wp-content\/uploads\/2018\/06\/Landhuis-Vino-Tinto-waterrijck.jpg');\" data-background=\"\/wp-content\/uploads\/2018\/06\/Landhuis-Vino-Tinto-waterrijck.jpg\">\n<div class=\"text\">\n<h2><a href=\"\/de\/landhaeuser\/landhaus-vino-tinto\/\">Landhuis Vino Tinto<\/a><\/h2>\n<p><span class=\"price\"><br \/>\n(bis 6 Personen)<\/span><\/p>\n<p>Dieses freistehende Landhaus vom Typ Morra ist f\u00fcr insgesamt sechs Personen ausgestattet und hat Aussicht \u00fcber das angrenzende Naturschutzgebiet.<\/p>\n<p><a class=\"awe-btn awe-btn-13\" href=\"\/de\/landhaeuser\/landhaus-vino-tinto\/\">Mehr Information<\/a><\/p>\n<\/div>\n<\/div>\n<p><!-- END \/ ITEM --><br \/>\n<!-- ITEM --><\/p>\n<div class=\"room_item-6\" style=\"background-image: url('\/wp-content\/uploads\/2019\/06\/landhuis-noflik.jpg');\" data-background=\"\/wp-content\/uploads\/2019\/06\/landhuis-noflik.jpg\">\n<div class=\"text\">\n<h2><a href=\"\/de\/landhaeuser\/landhaus-noflik\/\">Landhuis Noflik<\/a><\/h2>\n<p><span class=\"price\"><br \/>\n<span class=\"amount\">(bis 6 Personen)<\/span><\/span><\/p>\n<p>Dieses freistehende Landhaus vom Typ Morra ist f\u00fcr insgesamt sechs Personen ausgestattet und hat Aussicht \u00fcber das angrenzende Naturschutzgebiet.<\/p>\n<p><a class=\"awe-btn awe-btn-13\" href=\"\/de\/landhaeuser\/landhaus-noflik\/\">Mehr Information<\/a><\/p>\n<\/div>\n<\/div>\n<p><!-- END \/ ITEM --><br \/>\n<!-- ITEM --><\/p>\n<div class=\"room_item-6 event\" style=\"background-image: url('\/wp-content\/uploads\/2019\/06\/landhuis-steile-bank.jpg');\" data-background=\"\/wp-content\/uploads\/2019\/06\/landhuis-steile-bank.jpg\">\n<div class=\"text\">\n<h2><a href=\"\/de\/landhaeuser\/landhaus-steile-banck\/\">Landhuis Steile Bank<\/a><\/h2>\n<p><span class=\"price\"><br \/>\n(bis 8 Personen)<\/span><\/p>\n<p>Dieses Landhaus vom Typ Steile Bank ist ebenfalls freistehend und liegt auf einem Grundst\u00fcck von ungef\u00e4hr 1000 m\u00b2. Man hat eine herrliche Aussicht \u00fcber das Naturschutzgebiet.<\/p>\n<p><a class=\"awe-btn awe-btn-13\" href=\"\/de\/landhaeuser\/landhaus-steile-banck\/\">Mehr Information<\/a><\/p>\n<\/div>\n<\/div>\n<p><!-- END \/ ITEM --><\/p>\n<p><!-- END \/ ROOM -->[\/vc_column_text][\/vc_column][\/vc_row]<\/p>\n","protected":false},"excerpt":{"rendered":"<p>[vc_row full_width=&#8220;stretch_row&#8220; parallax=&#8220;content-moving&#8220; parallax_image=&#8220;3607&#8243; enable_overlay=&#8220;true&#8220; bg_overlay=&#8220;rgba(0,0,0,0.15)&#8220; css=&#8220;.vc_custom_1529394936541{padding-top: 150px !important;padding-bottom: 80px !important;}&#8220;][vc_column][\/vc_column][\/vc_row][vc_row][vc_column][vc_column_text size=&#8220;0&#8243;] Landh\u00e4user Waterrijck [\/vc_column_text][vc_row_inner][vc_column_inner][vc_column_text size=&#8220;0&#8243;]Waterrijck Stavoren wurde in einer der sch\u00f6nsten Ecken von Friesland, zwischen IJsselmeer und den Friesischen Seen, gebaut. Alle Grundst\u00fccke sind sehr gro\u00dfz\u00fcgig (zwischen 900 und 1300 m\u00b2) angelegt. Zudem haben alle Ferienwohnungen einen eigenen Anlegesteg. Im Waterrijck Stavoren bieten wir &hellip;<\/p>\n","protected":false},"author":1,"featured_media":0,"parent":0,"menu_order":0,"comment_status":"closed","ping_status":"closed","template":"","meta":{"footnotes":""},"class_list":["post-4498","page","type-page","status-publish","hentry"],"yoast_head":"<!-- This site is optimized with the Yoast SEO plugin v26.4 - https:\/\/yoast.com\/wordpress\/plugins\/seo\/ -->\n<title>Landh\u00e4user Waterrijck - Waterrijck Stavoren<\/title>\n<meta name=\"robots\" content=\"index, follow, max-snippet:-1, max-image-preview:large, max-video-preview:-1\" \/>\n<link rel=\"canonical\" href=\"https:\/\/www.waterrijck.com\/de\/landhaeuser\/\" \/>\n<meta property=\"og:locale\" content=\"de_DE\" \/>\n<meta property=\"og:type\" content=\"article\" \/>\n<meta property=\"og:title\" content=\"Landh\u00e4user Waterrijck - Waterrijck Stavoren\" \/>\n<meta property=\"og:description\" content=\"[vc_row full_width=&#8220;stretch_row&#8220; parallax=&#8220;content-moving&#8220; parallax_image=&#8220;3607&#8243; enable_overlay=&#8220;true&#8220; bg_overlay=&#8220;rgba(0,0,0,0.15)&#8220; css=&#8220;.vc_custom_1529394936541{padding-top: 150px !important;padding-bottom: 80px !important;}&#8220;][vc_column][\/vc_column][\/vc_row][vc_row][vc_column][vc_column_text size=&#8220;0&#8243;] Landh\u00e4user Waterrijck [\/vc_column_text][vc_row_inner][vc_column_inner][vc_column_text size=&#8220;0&#8243;]Waterrijck Stavoren wurde in einer der sch\u00f6nsten Ecken von Friesland, zwischen IJsselmeer und den Friesischen Seen, gebaut. Alle Grundst\u00fccke sind sehr gro\u00dfz\u00fcgig (zwischen 900 und 1300 m\u00b2) angelegt. Zudem haben alle Ferienwohnungen einen eigenen Anlegesteg. Im Waterrijck Stavoren bieten wir &hellip;\" \/>\n<meta property=\"og:url\" content=\"https:\/\/www.waterrijck.com\/de\/landhaeuser\/\" \/>\n<meta property=\"og:site_name\" content=\"Waterrijck Stavoren\" \/>\n<meta property=\"article:modified_time\" content=\"2020-09-08T10:53:47+00:00\" \/>\n<meta name=\"twitter:card\" content=\"summary_large_image\" \/>\n<meta name=\"twitter:label1\" content=\"Gesch\u00e4tzte Lesezeit\" \/>\n\t<meta name=\"twitter:data1\" content=\"1\u00a0Minute\" \/>\n<script type=\"application\/ld+json\" class=\"yoast-schema-graph\">{\"@context\":\"https:\/\/schema.org\",\"@graph\":[{\"@type\":\"WebPage\",\"@id\":\"https:\/\/www.waterrijck.com\/de\/landhaeuser\/\",\"url\":\"https:\/\/www.waterrijck.com\/de\/landhaeuser\/\",\"name\":\"Landh\u00e4user Waterrijck - Waterrijck Stavoren\",\"isPartOf\":{\"@id\":\"https:\/\/www.waterrijck.com\/de\/#website\"},\"datePublished\":\"2018-06-19T07:49:15+00:00\",\"dateModified\":\"2020-09-08T10:53:47+00:00\",\"breadcrumb\":{\"@id\":\"https:\/\/www.waterrijck.com\/de\/landhaeuser\/#breadcrumb\"},\"inLanguage\":\"de\",\"potentialAction\":[{\"@type\":\"ReadAction\",\"target\":[\"https:\/\/www.waterrijck.com\/de\/landhaeuser\/\"]}]},{\"@type\":\"BreadcrumbList\",\"@id\":\"https:\/\/www.waterrijck.com\/de\/landhaeuser\/#breadcrumb\",\"itemListElement\":[{\"@type\":\"ListItem\",\"position\":1,\"name\":\"Home\",\"item\":\"https:\/\/www.waterrijck.com\/de\/\"},{\"@type\":\"ListItem\",\"position\":2,\"name\":\"Landh\u00e4user Waterrijck\"}]},{\"@type\":\"WebSite\",\"@id\":\"https:\/\/www.waterrijck.com\/de\/#website\",\"url\":\"https:\/\/www.waterrijck.com\/de\/\",\"name\":\"Waterrijck Stavoren\",\"description\":\"Recre\u00ebren op Topniveau!\",\"publisher\":{\"@id\":\"https:\/\/www.waterrijck.com\/de\/#organization\"},\"potentialAction\":[{\"@type\":\"SearchAction\",\"target\":{\"@type\":\"EntryPoint\",\"urlTemplate\":\"https:\/\/www.waterrijck.com\/de\/?s={search_term_string}\"},\"query-input\":{\"@type\":\"PropertyValueSpecification\",\"valueRequired\":true,\"valueName\":\"search_term_string\"}}],\"inLanguage\":\"de\"},{\"@type\":\"Organization\",\"@id\":\"https:\/\/www.waterrijck.com\/de\/#organization\",\"name\":\"Waterrijck Stavoren\",\"url\":\"https:\/\/www.waterrijck.com\/de\/\",\"logo\":{\"@type\":\"ImageObject\",\"inLanguage\":\"de\",\"@id\":\"https:\/\/www.waterrijck.com\/de\/#\/schema\/logo\/image\/\",\"url\":\"https:\/\/www.waterrijck.com\/wp-content\/uploads\/2018\/06\/logo-waterrijck-diap.png\",\"contentUrl\":\"https:\/\/www.waterrijck.com\/wp-content\/uploads\/2018\/06\/logo-waterrijck-diap.png\",\"width\":114,\"height\":114,\"caption\":\"Waterrijck Stavoren\"},\"image\":{\"@id\":\"https:\/\/www.waterrijck.com\/de\/#\/schema\/logo\/image\/\"}}]}<\/script>\n<!-- \/ Yoast SEO plugin. -->","yoast_head_json":{"title":"Landh\u00e4user Waterrijck - Waterrijck Stavoren","robots":{"index":"index","follow":"follow","max-snippet":"max-snippet:-1","max-image-preview":"max-image-preview:large","max-video-preview":"max-video-preview:-1"},"canonical":"https:\/\/www.waterrijck.com\/de\/landhaeuser\/","og_locale":"de_DE","og_type":"article","og_title":"Landh\u00e4user Waterrijck - Waterrijck Stavoren","og_description":"[vc_row full_width=&#8220;stretch_row&#8220; parallax=&#8220;content-moving&#8220; parallax_image=&#8220;3607&#8243; enable_overlay=&#8220;true&#8220; bg_overlay=&#8220;rgba(0,0,0,0.15)&#8220; css=&#8220;.vc_custom_1529394936541{padding-top: 150px !important;padding-bottom: 80px !important;}&#8220;][vc_column][\/vc_column][\/vc_row][vc_row][vc_column][vc_column_text size=&#8220;0&#8243;] Landh\u00e4user Waterrijck [\/vc_column_text][vc_row_inner][vc_column_inner][vc_column_text size=&#8220;0&#8243;]Waterrijck Stavoren wurde in einer der sch\u00f6nsten Ecken von Friesland, zwischen IJsselmeer und den Friesischen Seen, gebaut. Alle Grundst\u00fccke sind sehr gro\u00dfz\u00fcgig (zwischen 900 und 1300 m\u00b2) angelegt. Zudem haben alle Ferienwohnungen einen eigenen Anlegesteg. Im Waterrijck Stavoren bieten wir &hellip;","og_url":"https:\/\/www.waterrijck.com\/de\/landhaeuser\/","og_site_name":"Waterrijck Stavoren","article_modified_time":"2020-09-08T10:53:47+00:00","twitter_card":"summary_large_image","twitter_misc":{"Gesch\u00e4tzte Lesezeit":"1\u00a0Minute"},"schema":{"@context":"https:\/\/schema.org","@graph":[{"@type":"WebPage","@id":"https:\/\/www.waterrijck.com\/de\/landhaeuser\/","url":"https:\/\/www.waterrijck.com\/de\/landhaeuser\/","name":"Landh\u00e4user Waterrijck - Waterrijck Stavoren","isPartOf":{"@id":"https:\/\/www.waterrijck.com\/de\/#website"},"datePublished":"2018-06-19T07:49:15+00:00","dateModified":"2020-09-08T10:53:47+00:00","breadcrumb":{"@id":"https:\/\/www.waterrijck.com\/de\/landhaeuser\/#breadcrumb"},"inLanguage":"de","potentialAction":[{"@type":"ReadAction","target":["https:\/\/www.waterrijck.com\/de\/landhaeuser\/"]}]},{"@type":"BreadcrumbList","@id":"https:\/\/www.waterrijck.com\/de\/landhaeuser\/#breadcrumb","itemListElement":[{"@type":"ListItem","position":1,"name":"Home","item":"https:\/\/www.waterrijck.com\/de\/"},{"@type":"ListItem","position":2,"name":"Landh\u00e4user Waterrijck"}]},{"@type":"WebSite","@id":"https:\/\/www.waterrijck.com\/de\/#website","url":"https:\/\/www.waterrijck.com\/de\/","name":"Waterrijck Stavoren","description":"Recre\u00ebren op Topniveau!","publisher":{"@id":"https:\/\/www.waterrijck.com\/de\/#organization"},"potentialAction":[{"@type":"SearchAction","target":{"@type":"EntryPoint","urlTemplate":"https:\/\/www.waterrijck.com\/de\/?s={search_term_string}"},"query-input":{"@type":"PropertyValueSpecification","valueRequired":true,"valueName":"search_term_string"}}],"inLanguage":"de"},{"@type":"Organization","@id":"https:\/\/www.waterrijck.com\/de\/#organization","name":"Waterrijck Stavoren","url":"https:\/\/www.waterrijck.com\/de\/","logo":{"@type":"ImageObject","inLanguage":"de","@id":"https:\/\/www.waterrijck.com\/de\/#\/schema\/logo\/image\/","url":"https:\/\/www.waterrijck.com\/wp-content\/uploads\/2018\/06\/logo-waterrijck-diap.png","contentUrl":"https:\/\/www.waterrijck.com\/wp-content\/uploads\/2018\/06\/logo-waterrijck-diap.png","width":114,"height":114,"caption":"Waterrijck Stavoren"},"image":{"@id":"https:\/\/www.waterrijck.com\/de\/#\/schema\/logo\/image\/"}}]}},"_links":{"self":[{"href":"https:\/\/www.waterrijck.com\/de\/wp-json\/wp\/v2\/pages\/4498","targetHints":{"allow":["GET"]}}],"collection":[{"href":"https:\/\/www.waterrijck.com\/de\/wp-json\/wp\/v2\/pages"}],"about":[{"href":"https:\/\/www.waterrijck.com\/de\/wp-json\/wp\/v2\/types\/page"}],"author":[{"embeddable":true,"href":"https:\/\/www.waterrijck.com\/de\/wp-json\/wp\/v2\/users\/1"}],"replies":[{"embeddable":true,"href":"https:\/\/www.waterrijck.com\/de\/wp-json\/wp\/v2\/comments?post=4498"}],"version-history":[{"count":8,"href":"https:\/\/www.waterrijck.com\/de\/wp-json\/wp\/v2\/pages\/4498\/revisions"}],"predecessor-version":[{"id":5167,"href":"https:\/\/www.waterrijck.com\/de\/wp-json\/wp\/v2\/pages\/4498\/revisions\/5167"}],"wp:attachment":[{"href":"https:\/\/www.waterrijck.com\/de\/wp-json\/wp\/v2\/media?parent=4498"}],"curies":[{"name":"wp","href":"https:\/\/api.w.org\/{rel}","templated":true}]}}