{"id":4477,"date":"2018-06-06T09:11:17","date_gmt":"2018-06-06T09:11:17","guid":{"rendered":"http:\/\/waterrijck.watersportoutdoorshop.nl\/algemene-voorwaarden\/"},"modified":"2019-08-06T08:31:22","modified_gmt":"2019-08-06T08:31:22","slug":"bedingungen","status":"publish","type":"page","link":"https:\/\/www.waterrijck.com\/de\/bedingungen\/","title":{"rendered":"Bedingungen"},"content":{"rendered":"<p>[vc_row full_width=&#8220;stretch_row&#8220; parallax=&#8220;content-moving&#8220; parallax_image=&#8220;3693&#8243; enable_overlay=&#8220;&#8220; css=&#8220;.vc_custom_1530260964709{padding-top: 150px !important;padding-bottom: 80px !important;}&#8220;][vc_column]<div class=\"awe-special-heading text-center\" style=\"color:#ffffff;\"><h2>BEDINGUNGEN<\/h2><\/div>[\/vc_column][\/vc_row][vc_row][vc_column][vc_column_text]<\/p>\n<p>[\/vc_column_text][\/vc_column][\/vc_row][vc_row][vc_column][vc_column_text size=&#8220;0&#8243;]<strong>Waterrijck Stavoren<\/strong><br \/>\nMarina Stavoren b.v., im weiteren Tekst Marina Stavoren genannt, bemittelt in der Vermietung von Ferienh\u00e4usern und zwar im Auftrag der Hausbesitzer oder deren Vertreter.<\/p>\n<p><strong>Anwendung<\/strong><br \/>\nDiese Bedingungen finden ihre Anwendung auf alle Vertr\u00e4ge f\u00fcr das Mieten und Vermieten von Ferienh\u00e4usern.<\/p>\n<p><strong>Reservierung<\/strong><br \/>\nTelefonisch von montags bis freitags zwischen 8.30 Uhr und 17.00 Uhr unter der Telefonnummer +31(0)88-05 04 110;<br \/>\nPer Fax, +31 514 684686;<br \/>\nSchriftlich: Postbus 10, NL \u2013 8715 ZH Stavoren<br \/>\nPer E-Mail: <a title=\"Mail Waterrijck\" href=\"mailto:info@waterrijck.com\" target=\"_blank\" rel=\"noopener noreferrer\">info@waterrijck.com<\/a><br \/>\n\u00dcber Internet: <a href=\"http:\/\/www.waterrijck.com\/nl\">www.waterrijck.com<\/a><\/p>\n<p><strong>Zahlungsbedingungen<\/strong><br \/>\nDer Fixanteil der Miete muss vor Anfang der Mietperiode an Marina Stavoren bezahlt werden. Anfallende Nebenkosten m\u00fcssen vor Ort bei Ankunft gezahlt werden.<\/p>\n<p>Nach Erhalt Ihrer Reservierung schicken wir Ihnen eine Buchungsbest\u00e4tigung, zugleich Rechnung. Innerhalb von 14 Tagen nach Datierung der Rechnung muss der Mieter eine Anzahlung von 25% der Miete auf ein vom Vermieter angegebenes Konto \u00fcberweisen. Erst dann wird Ihre Buchung definitiv. Die gesamte zu zahlende Miete ist sp\u00e4testens sechs Wochen vor Anfang der Mietperiode bezahlt werden.<\/p>\n<p>Sollten wir am Tag Ihrer Ankunft den Mietbetrag noch nicht empfangen haben, muss der Mieter diesen an der Rezeption bezahlen. Wenn sich w\u00e4hrend Ihres Aufenthalts oder zu einem sp\u00e4teren Zeitpunkt herausstellt, dass der Mietbetrag auf unserem Konto eingegangen ist, werden wir diesen umgehend an Sie zur\u00fcck \u00fcberweisen.<\/p>\n<p><strong>\u00c4nderungskosten<\/strong><br \/>\nF\u00fcr jede \u00c4nderung Ihrer Reservierung, insoweit diese m\u00f6glich ist, werden Verwaltungskosten in Rechnung gestellt. Diese k\u00f6nnen Sie der Preisliste entnehmen.<\/p>\n<p><strong>Mietperiode<\/strong><br \/>\nWenn keine Besonderheiten angegeben sind gelten folgende Mietperioden:<br \/>\n\u00b7 Woche (eine \/ mehrere): Anreise Freitag ab 15.00 Uhr, Abreise Freitag vor 10.00 Uhr;<br \/>\n\u00b7 Wochenende: Anreise Freitag ab 15.00 Uhr, Abreise Montag vor 10.00 Uhr;<br \/>\n\u00b7 Montag bis Freitag: Anreise Montag ab 15.00 Uhr, Abreise Freitag vor 10.00 Uhr;<br \/>\n\u00b7 Andere Mietperioden auf Anfrage.<br \/>\nAm Tag Ihrer Anreise k\u00f6nnen Sie an der Rezeption von Marina Stavoren zwischen 15.00 Uhr und 17.00 Uhr einchecken. Sollten Sie zu einem sp\u00e4teren Zeitpunkt ankommen, nehmen Sie bitte Kontakt mit uns auf.<\/p>\n<p><strong>Kaution<\/strong><br \/>\nBei Ankunft wird eine Kaution von \u20ac 200,00 f\u00e4llig. Wenn Sie das Ferienhaus nach Ablauf der Mietperiode ohne Sch\u00e4den verlassen, werden wir die Kaution, nachdem das Haus von uns kontrolliert wurde, auf Ihr Konto \u00fcberweisen. Eventuelle Extrakosten f\u00fcr besch\u00e4digte Gegenst\u00e4nde oder die Endreinigung werden mit der Kaution verrechnet. Sollte ein Schadenbetrag h\u00f6her als die gezahlte Kaution ausfallen, werden wir die Kaution einbehalten und eine nachtr\u00e4gliche Forderung an Sie stellen<\/p>\n<p><strong>Besucher<\/strong><br \/>\nEs ist dem Mieter nicht gestattet, mehr Bewohner oder Haustieren in dem von ihm gemietetem Ferienhaus unterzubringen als im Mietvertrag vom Mieter angegeben ist. Marina Stavoren beh\u00e4lt sich das Recht vor, nicht angemeldeten Personen oder Tieren den Zugang zu verweigern.<\/p>\n<p><strong>Annullierung oder fr\u00fchzeitige Beendigung<\/strong><br \/>\nInnerhalb von 24 Stunden nach dem Abschluss einer m\u00fcndlichen, schriftlichen oder elektronischen Vereinbarung hat der Mieter das Recht, die Buchung kostenlos zu stornieren. Danach ist der Mieter nachstehend aufgef\u00fchrte Betr\u00e4ge verschuldet.<br \/>\nBei einer Annullierung oder fr\u00fchzeitigen Beendigung einer Reservierung sind Sie uns einen Teil der Miete verschuldet. Die H\u00f6he des verschuldeten Betrages h\u00e4ngt vom Zeitpunkt der Annullierung ab:<br \/>\n\u00b7 Annullierung bis drei Monate vor Anfang der Mietperiode: 20% der Miete<br \/>\n\u00b7 Annullierung bis zwei Monate vor Anfang der Mietperiode: 50% der Miete<br \/>\n\u00b7 Annullierung bis einem Monat vor Anfang der Mietperiode: 75% der Miete<br \/>\n\u00b7 Annullierung innerhalb eines Monats vor Anfang der Mietperiode: 90% der Miete<br \/>\n\u00b7 Annullierung zu Anfang oder w\u00e4hrend der Mietperiode: 100% der Miete<\/p>\n<p>Marina Stavoren beh\u00e4lt sich das Recht vor nach eigenem Ermessen eine Vereinbarung zu entbinden:<br \/>\n\u00b7 wenn zu Anfang einer Mietperiode die Miete noch nicht bezahlt ist;<br \/>\n\u00b7 die Kaution bei Anreise nicht bezahlt wird;<br \/>\n\u00b7 wenn die Anzahlung nicht innerhalb der Zahlungsfrist bezahlt ist;<br \/>\n\u00b7 das Ferienhaus fr\u00fchzeitig verlassen wird;<br \/>\n\u00b7 wenn Sie zu Anfang der Mietperiode ohne eine Nachricht zu hinterlassen nicht oder sp\u00e4ter|<br \/>\nals 17.00 Uhr ankommen;<br \/>\n\u00b7 wenn mehr Personen, als bei der Buchung angegeben, im Haus verbleiben;<\/p>\n<p><strong>Haftung<\/strong><br \/>\nDer Mieter haftet dem Vermieter gegen\u00fcber f\u00fcr Sch\u00e4den, die durch Vers\u00e4umnis verursacht sind, welche ihm selbst, den<br \/>\nAngeh\u00f6rigen oder den G\u00e4sten des Mieters zuzurechnen sind.<\/p>\n<p>W\u00e4hrend der Mietperiode ist der Mieter verantwortlich f\u00fcr das von ihm gemietete Objekt. Es ist darauf zu achten, dass<br \/>\nbeim Verlassen des Hauses alle Fenster und T\u00fcren verschlossen sind. Au\u00dferdem muss das Haus auch w\u00e4hrend der<br \/>\nMietperiode vom Mieter in einem sauberen und ordentlichen Zustand gehalten werden.<\/p>\n<p>Um auch bei Einbruch gegen den Verlust von Reisegep\u00e4ck abgesichert zu sein, raten wir Ihnen, eine Reiseversicherung<br \/>\nabzuschlie\u00dfen.<\/p>\n<p>Marina Stavoren \u00fcbernimmt keine Haftung bei:<br \/>\n\u00b7 Sch\u00e4den oder Verletzungen, die w\u00e4hrend Ihres Aufenthaltes im Waterrijck Stavoren entstehen, ungeachtet der Ursache;<br \/>\n\u00b7 m\u00fcndlich, bzw. telefonisch erteilten Informationen von Dritten;<br \/>\n\u00b7 Einrichtungen, die au\u00dfer Betrieb oder noch nicht fertiggestellt sind.<\/p>\n<p><strong>H\u00f6here Gewalt<\/strong><br \/>\nSollte auf Grund h\u00f6herer Gewalt oder anderen Umst\u00e4nden das Mietobjekt nicht zur Verf\u00fcgung stehen, hat Marina Stavoren das Recht, dem Mieter ein anderes Haus f\u00fcr die Mietdauer anzubieten. Marina Stavoren ist in einem solchen Fall unter keinen Umst\u00e4nden haftbar zu machen. F\u00fcr den Fall, dass Ihnen ein Schaden entsteht dessen Ursache Marina Stavoren anzulasten ist, betr\u00e4gt ein eventueller Schadensersatz h\u00f6chstens der H\u00f6he des Mietbetrages. Anspruch auf Entsch\u00e4digung kann nur in schriftlicher Form bei Marina Stavoren eingereicht werden.<\/p>\n<p><strong>Beschwerden<\/strong><br \/>\nWir bitten Sie, das Haus bei Ankunft zu kontrollieren. Eventuelle Beschwerden sind umgehend an der Rezeption von Marina Stavoren zu melden. Wir werden dann Alles in unserer Macht stehende probieren, um Ihre Beschwerde abzuhandeln. Sollte eine Beschwerde nicht zu Ihrer Zufriedenheit behandelt werden, haben Sie das Recht dies innerhalb von zwei Wochen nach Ihrer Abreise schriftlich bei Marina Stavoren zu melden. Unsere Anschrift lautet: Marina Stavoren b.v., Postbus 10, NL-8715 ZH Stavoren.<\/p>\n<p><strong>Konflikte \/ Streitigkeiten<\/strong><br \/>\nAuf alle Streitigkeiten in Bezug auf den Mietvertrag findet das Niederl\u00e4ndische Recht Anwendung. Ausschlie\u00dflich ein Niederl\u00e4ndisches Gericht oder aber nachstehend genannte Konfliktkommission sind befugt, diese Streitigkeiten zur Kenntnis zu nehmen. Streitigkeiten zwischen Mieter und Vermieter \u00fcber den Abschluss oder die Durchf\u00fchrung des Mietvertrages, auf den diese Bedingungen Anwendung finden, k\u00f6nnen der Konfliktkommission Erholung, Surinamestraat 24, 2585 GJ Den Haag, sowohl vom Mieter als auch vom Vermieter vorgelegt werden. Eine Streitigkeit wir von der Konfliktkommission nur dann in Behandlung genommen, wenn der Mieter dem Vermieter seine Beanstandung zun\u00e4chst innerhalb einer angemessenen Zeit vorgelegt hat. Der Mieter muss die Streitigkeit sp\u00e4testens drei Monate, nachdem er dem Vermieter seine Beanstandung vorgelegt hat, bei der Konfliktkommission schriftlich anh\u00e4ngig machen, und zwar unter Angabe von Namen und Adressen des Mieters und Vermieters und einer deutlichen Beschreibung der Streitigkeit und der Forderung. Richtet sich der Mieter nicht an die Konfliktkommission, sonder direkt an einen Richter, dann muss dies innerhalb eines Jahres, nach dem ersten Beschwerdebrief an den Vermieter, geschehen.<\/p>\n<p><strong>Allgemeines<\/strong><br \/>\nAuf alle von uns erstellten Vereinbarungen finden die Recron-Bestimmungen vom 1. Januar 1998 ihre Anwendung. Diese Bestimmungen k\u00f6nnen Sie bei Marina Stavoren b.v., Postbus 10, 8715 ZH Stavoren anfragen. Alle fr\u00fcheren Preislisten und Bestimmungen haben hiermit keine G\u00fcltigkeit mehr. Wir behalten uns das Recht vor eventuelle Preis\u00e4nderungen durchzuf\u00fchren. F\u00fcr Druckfehler \u00fcbernehmen wir keine Haftung.<br \/>\nDer Mietbetrag setzt sich zusammen aus einem fixen Betrag zuz\u00fcglich der Nebenkosten. Diese sind in der Beschreibung des jeweiligen Hauses festgehalten.[\/vc_column_text][\/vc_column][\/vc_row]<\/p>\n","protected":false},"excerpt":{"rendered":"<p>[vc_row full_width=&#8220;stretch_row&#8220; parallax=&#8220;content-moving&#8220; parallax_image=&#8220;3693&#8243; enable_overlay=&#8220;&#8220; css=&#8220;.vc_custom_1530260964709{padding-top: 150px !important;padding-bottom: 80px !important;}&#8220;][vc_column][\/vc_column][\/vc_row][vc_row][vc_column][vc_column_text] [\/vc_column_text][\/vc_column][\/vc_row][vc_row][vc_column][vc_column_text size=&#8220;0&#8243;]Waterrijck Stavoren Marina Stavoren b.v., im weiteren Tekst Marina Stavoren genannt, bemittelt in der Vermietung von Ferienh\u00e4usern und zwar im Auftrag der Hausbesitzer oder deren Vertreter. Anwendung Diese Bedingungen finden ihre Anwendung auf alle Vertr\u00e4ge f\u00fcr das Mieten und Vermieten von Ferienh\u00e4usern. Reservierung Telefonisch &hellip;<\/p>\n","protected":false},"author":1,"featured_media":0,"parent":0,"menu_order":0,"comment_status":"closed","ping_status":"open","template":"","meta":{"footnotes":""},"class_list":["post-4477","page","type-page","status-publish","hentry"],"yoast_head":"<!-- This site is optimized with the Yoast SEO plugin v26.4 - https:\/\/yoast.com\/wordpress\/plugins\/seo\/ -->\n<title>Bedingungen - Waterrijck Stavoren<\/title>\n<meta name=\"robots\" content=\"index, follow, max-snippet:-1, max-image-preview:large, max-video-preview:-1\" \/>\n<link rel=\"canonical\" href=\"https:\/\/www.waterrijck.com\/de\/bedingungen\/\" \/>\n<meta property=\"og:locale\" content=\"de_DE\" \/>\n<meta property=\"og:type\" content=\"article\" \/>\n<meta property=\"og:title\" content=\"Bedingungen - Waterrijck Stavoren\" \/>\n<meta property=\"og:description\" content=\"[vc_row full_width=&#8220;stretch_row&#8220; parallax=&#8220;content-moving&#8220; parallax_image=&#8220;3693&#8243; enable_overlay=&#8220;&#8220; css=&#8220;.vc_custom_1530260964709{padding-top: 150px !important;padding-bottom: 80px !important;}&#8220;][vc_column][\/vc_column][\/vc_row][vc_row][vc_column][vc_column_text] [\/vc_column_text][\/vc_column][\/vc_row][vc_row][vc_column][vc_column_text size=&#8220;0&#8243;]Waterrijck Stavoren Marina Stavoren b.v., im weiteren Tekst Marina Stavoren genannt, bemittelt in der Vermietung von Ferienh\u00e4usern und zwar im Auftrag der Hausbesitzer oder deren Vertreter. Anwendung Diese Bedingungen finden ihre Anwendung auf alle Vertr\u00e4ge f\u00fcr das Mieten und Vermieten von Ferienh\u00e4usern. Reservierung Telefonisch &hellip;\" \/>\n<meta property=\"og:url\" content=\"https:\/\/www.waterrijck.com\/de\/bedingungen\/\" \/>\n<meta property=\"og:site_name\" content=\"Waterrijck Stavoren\" \/>\n<meta property=\"article:modified_time\" content=\"2019-08-06T08:31:22+00:00\" \/>\n<meta name=\"twitter:card\" content=\"summary_large_image\" \/>\n<meta name=\"twitter:label1\" content=\"Gesch\u00e4tzte Lesezeit\" \/>\n\t<meta name=\"twitter:data1\" content=\"6\u00a0Minuten\" \/>\n<script type=\"application\/ld+json\" class=\"yoast-schema-graph\">{\"@context\":\"https:\/\/schema.org\",\"@graph\":[{\"@type\":\"WebPage\",\"@id\":\"https:\/\/www.waterrijck.com\/de\/bedingungen\/\",\"url\":\"https:\/\/www.waterrijck.com\/de\/bedingungen\/\",\"name\":\"Bedingungen - Waterrijck Stavoren\",\"isPartOf\":{\"@id\":\"https:\/\/www.waterrijck.com\/de\/#website\"},\"datePublished\":\"2018-06-06T09:11:17+00:00\",\"dateModified\":\"2019-08-06T08:31:22+00:00\",\"breadcrumb\":{\"@id\":\"https:\/\/www.waterrijck.com\/de\/bedingungen\/#breadcrumb\"},\"inLanguage\":\"de\",\"potentialAction\":[{\"@type\":\"ReadAction\",\"target\":[\"https:\/\/www.waterrijck.com\/de\/bedingungen\/\"]}]},{\"@type\":\"BreadcrumbList\",\"@id\":\"https:\/\/www.waterrijck.com\/de\/bedingungen\/#breadcrumb\",\"itemListElement\":[{\"@type\":\"ListItem\",\"position\":1,\"name\":\"Home\",\"item\":\"https:\/\/www.waterrijck.com\/de\/\"},{\"@type\":\"ListItem\",\"position\":2,\"name\":\"Bedingungen\"}]},{\"@type\":\"WebSite\",\"@id\":\"https:\/\/www.waterrijck.com\/de\/#website\",\"url\":\"https:\/\/www.waterrijck.com\/de\/\",\"name\":\"Waterrijck Stavoren\",\"description\":\"Recre\u00ebren op Topniveau!\",\"publisher\":{\"@id\":\"https:\/\/www.waterrijck.com\/de\/#organization\"},\"potentialAction\":[{\"@type\":\"SearchAction\",\"target\":{\"@type\":\"EntryPoint\",\"urlTemplate\":\"https:\/\/www.waterrijck.com\/de\/?s={search_term_string}\"},\"query-input\":{\"@type\":\"PropertyValueSpecification\",\"valueRequired\":true,\"valueName\":\"search_term_string\"}}],\"inLanguage\":\"de\"},{\"@type\":\"Organization\",\"@id\":\"https:\/\/www.waterrijck.com\/de\/#organization\",\"name\":\"Waterrijck Stavoren\",\"url\":\"https:\/\/www.waterrijck.com\/de\/\",\"logo\":{\"@type\":\"ImageObject\",\"inLanguage\":\"de\",\"@id\":\"https:\/\/www.waterrijck.com\/de\/#\/schema\/logo\/image\/\",\"url\":\"https:\/\/www.waterrijck.com\/wp-content\/uploads\/2018\/06\/logo-waterrijck-diap.png\",\"contentUrl\":\"https:\/\/www.waterrijck.com\/wp-content\/uploads\/2018\/06\/logo-waterrijck-diap.png\",\"width\":114,\"height\":114,\"caption\":\"Waterrijck Stavoren\"},\"image\":{\"@id\":\"https:\/\/www.waterrijck.com\/de\/#\/schema\/logo\/image\/\"}}]}<\/script>\n<!-- \/ Yoast SEO plugin. -->","yoast_head_json":{"title":"Bedingungen - Waterrijck Stavoren","robots":{"index":"index","follow":"follow","max-snippet":"max-snippet:-1","max-image-preview":"max-image-preview:large","max-video-preview":"max-video-preview:-1"},"canonical":"https:\/\/www.waterrijck.com\/de\/bedingungen\/","og_locale":"de_DE","og_type":"article","og_title":"Bedingungen - Waterrijck Stavoren","og_description":"[vc_row full_width=&#8220;stretch_row&#8220; parallax=&#8220;content-moving&#8220; parallax_image=&#8220;3693&#8243; enable_overlay=&#8220;&#8220; css=&#8220;.vc_custom_1530260964709{padding-top: 150px !important;padding-bottom: 80px !important;}&#8220;][vc_column][\/vc_column][\/vc_row][vc_row][vc_column][vc_column_text] [\/vc_column_text][\/vc_column][\/vc_row][vc_row][vc_column][vc_column_text size=&#8220;0&#8243;]Waterrijck Stavoren Marina Stavoren b.v., im weiteren Tekst Marina Stavoren genannt, bemittelt in der Vermietung von Ferienh\u00e4usern und zwar im Auftrag der Hausbesitzer oder deren Vertreter. Anwendung Diese Bedingungen finden ihre Anwendung auf alle Vertr\u00e4ge f\u00fcr das Mieten und Vermieten von Ferienh\u00e4usern. Reservierung Telefonisch &hellip;","og_url":"https:\/\/www.waterrijck.com\/de\/bedingungen\/","og_site_name":"Waterrijck Stavoren","article_modified_time":"2019-08-06T08:31:22+00:00","twitter_card":"summary_large_image","twitter_misc":{"Gesch\u00e4tzte Lesezeit":"6\u00a0Minuten"},"schema":{"@context":"https:\/\/schema.org","@graph":[{"@type":"WebPage","@id":"https:\/\/www.waterrijck.com\/de\/bedingungen\/","url":"https:\/\/www.waterrijck.com\/de\/bedingungen\/","name":"Bedingungen - Waterrijck Stavoren","isPartOf":{"@id":"https:\/\/www.waterrijck.com\/de\/#website"},"datePublished":"2018-06-06T09:11:17+00:00","dateModified":"2019-08-06T08:31:22+00:00","breadcrumb":{"@id":"https:\/\/www.waterrijck.com\/de\/bedingungen\/#breadcrumb"},"inLanguage":"de","potentialAction":[{"@type":"ReadAction","target":["https:\/\/www.waterrijck.com\/de\/bedingungen\/"]}]},{"@type":"BreadcrumbList","@id":"https:\/\/www.waterrijck.com\/de\/bedingungen\/#breadcrumb","itemListElement":[{"@type":"ListItem","position":1,"name":"Home","item":"https:\/\/www.waterrijck.com\/de\/"},{"@type":"ListItem","position":2,"name":"Bedingungen"}]},{"@type":"WebSite","@id":"https:\/\/www.waterrijck.com\/de\/#website","url":"https:\/\/www.waterrijck.com\/de\/","name":"Waterrijck Stavoren","description":"Recre\u00ebren op Topniveau!","publisher":{"@id":"https:\/\/www.waterrijck.com\/de\/#organization"},"potentialAction":[{"@type":"SearchAction","target":{"@type":"EntryPoint","urlTemplate":"https:\/\/www.waterrijck.com\/de\/?s={search_term_string}"},"query-input":{"@type":"PropertyValueSpecification","valueRequired":true,"valueName":"search_term_string"}}],"inLanguage":"de"},{"@type":"Organization","@id":"https:\/\/www.waterrijck.com\/de\/#organization","name":"Waterrijck Stavoren","url":"https:\/\/www.waterrijck.com\/de\/","logo":{"@type":"ImageObject","inLanguage":"de","@id":"https:\/\/www.waterrijck.com\/de\/#\/schema\/logo\/image\/","url":"https:\/\/www.waterrijck.com\/wp-content\/uploads\/2018\/06\/logo-waterrijck-diap.png","contentUrl":"https:\/\/www.waterrijck.com\/wp-content\/uploads\/2018\/06\/logo-waterrijck-diap.png","width":114,"height":114,"caption":"Waterrijck Stavoren"},"image":{"@id":"https:\/\/www.waterrijck.com\/de\/#\/schema\/logo\/image\/"}}]}},"_links":{"self":[{"href":"https:\/\/www.waterrijck.com\/de\/wp-json\/wp\/v2\/pages\/4477","targetHints":{"allow":["GET"]}}],"collection":[{"href":"https:\/\/www.waterrijck.com\/de\/wp-json\/wp\/v2\/pages"}],"about":[{"href":"https:\/\/www.waterrijck.com\/de\/wp-json\/wp\/v2\/types\/page"}],"author":[{"embeddable":true,"href":"https:\/\/www.waterrijck.com\/de\/wp-json\/wp\/v2\/users\/1"}],"replies":[{"embeddable":true,"href":"https:\/\/www.waterrijck.com\/de\/wp-json\/wp\/v2\/comments?post=4477"}],"version-history":[{"count":3,"href":"https:\/\/www.waterrijck.com\/de\/wp-json\/wp\/v2\/pages\/4477\/revisions"}],"predecessor-version":[{"id":4480,"href":"https:\/\/www.waterrijck.com\/de\/wp-json\/wp\/v2\/pages\/4477\/revisions\/4480"}],"wp:attachment":[{"href":"https:\/\/www.waterrijck.com\/de\/wp-json\/wp\/v2\/media?parent=4477"}],"curies":[{"name":"wp","href":"https:\/\/api.w.org\/{rel}","templated":true}]}}